{"id":93,"date":"2018-07-16T10:35:49","date_gmt":"2018-07-16T10:35:49","guid":{"rendered":"http:\/\/demo.acmethemes.com\/lawyer-zone\/?page_id=93"},"modified":"2019-05-29T19:12:45","modified_gmt":"2019-05-29T19:12:45","slug":"madge-chavze","status":"publish","type":"page","link":"https:\/\/www.arlegal.com.pl\/?page_id=93","title":{"rendered":"Agencja Detektywistyczna Bagnowski"},"content":{"rendered":"<p>AR LEGAL na ka\u017cdym kroku otacza nas skuteczn\u0105 i efektywn\u0105 opiek\u0105 prawn\u0105. Dzi\u0119ki Kancelarii Agencja jest na bie\u017c\u0105co z nowymi wymogami prawnymi w zakresie dzia\u0142alno\u015bci Agencji.<\/p>\n","protected":false},"excerpt":{"rendered":"<p>AR LEGAL na ka\u017cdym kroku otacza nas skuteczn\u0105 i efektywn\u0105 opiek\u0105 prawn\u0105. Dzi\u0119ki Kancelarii Agencja jest na bie\u017c\u0105co z nowymi wymogami prawnymi w zakresie dzia\u0142alno\u015bci Agencji.<\/p>\n","protected":false},"author":1,"featured_media":57,"parent":0,"menu_order":0,"comment_status":"closed","ping_status":"closed","template":"","meta":{"footnotes":""},"class_list":["post-93","page","type-page","status-publish","has-post-thumbnail","hentry"],"_links":{"self":[{"href":"https:\/\/www.arlegal.com.pl\/index.php?rest_route=\/wp\/v2\/pages\/93","targetHints":{"allow":["GET"]}}],"collection":[{"href":"https:\/\/www.arlegal.com.pl\/index.php?rest_route=\/wp\/v2\/pages"}],"about":[{"href":"https:\/\/www.arlegal.com.pl\/index.php?rest_route=\/wp\/v2\/types\/page"}],"author":[{"embeddable":true,"href":"https:\/\/www.arlegal.com.pl\/index.php?rest_route=\/wp\/v2\/users\/1"}],"replies":[{"embeddable":true,"href":"https:\/\/www.arlegal.com.pl\/index.php?rest_route=%2Fwp%2Fv2%2Fcomments&post=93"}],"version-history":[{"count":2,"href":"https:\/\/www.arlegal.com.pl\/index.php?rest_route=\/wp\/v2\/pages\/93\/revisions"}],"predecessor-version":[{"id":317,"href":"https:\/\/www.arlegal.com.pl\/index.php?rest_route=\/wp\/v2\/pages\/93\/revisions\/317"}],"wp:featuredmedia":[{"embeddable":true,"href":"https:\/\/www.arlegal.com.pl\/index.php?rest_route=\/wp\/v2\/media\/57"}],"wp:attachment":[{"href":"https:\/\/www.arlegal.com.pl\/index.php?rest_route=%2Fwp%2Fv2%2Fmedia&parent=93"}],"curies":[{"name":"wp","href":"https:\/\/api.w.org\/{rel}","templated":true}]}}