{"id":82,"date":"2018-07-16T10:31:02","date_gmt":"2018-07-16T10:31:02","guid":{"rendered":"http:\/\/demo.acmethemes.com\/lawyer-zone\/?page_id=82"},"modified":"2019-05-28T14:26:43","modified_gmt":"2019-05-28T14:26:43","slug":"what-types-of-clients-use-lawyer-zone","status":"publish","type":"page","link":"https:\/\/www.arlegal.com.pl\/?page_id=82","title":{"rendered":"Jacy Klienci korzystaj\u0105 z us\u0142ug Kancelarii?"},"content":{"rendered":"<p>Kancelaria \u015bwiadczy us\u0142ugi skierowane zar\u00f3wno wobec os\u00f3b fizycznych i konsument\u00f3w (w takich sprawach jak rozwody, alimenty, upad\u0142o\u015bci konsumenckie), jak i do przedsi\u0119biorc\u00f3w prowadz\u0105cych dzia\u0142alno\u015b\u0107 gospodarcz\u0105.<\/p>\n","protected":false},"excerpt":{"rendered":"<p>Kancelaria \u015bwiadczy us\u0142ugi skierowane zar\u00f3wno wobec os\u00f3b fizycznych i konsument\u00f3w (w takich sprawach jak rozwody, alimenty, upad\u0142o\u015bci konsumenckie), jak i do przedsi\u0119biorc\u00f3w prowadz\u0105cych dzia\u0142alno\u015b\u0107 gospodarcz\u0105.<\/p>\n","protected":false},"author":1,"featured_media":0,"parent":0,"menu_order":0,"comment_status":"closed","ping_status":"closed","template":"","meta":{"footnotes":""},"class_list":["post-82","page","type-page","status-publish","hentry"],"_links":{"self":[{"href":"https:\/\/www.arlegal.com.pl\/index.php?rest_route=\/wp\/v2\/pages\/82","targetHints":{"allow":["GET"]}}],"collection":[{"href":"https:\/\/www.arlegal.com.pl\/index.php?rest_route=\/wp\/v2\/pages"}],"about":[{"href":"https:\/\/www.arlegal.com.pl\/index.php?rest_route=\/wp\/v2\/types\/page"}],"author":[{"embeddable":true,"href":"https:\/\/www.arlegal.com.pl\/index.php?rest_route=\/wp\/v2\/users\/1"}],"replies":[{"embeddable":true,"href":"https:\/\/www.arlegal.com.pl\/index.php?rest_route=%2Fwp%2Fv2%2Fcomments&post=82"}],"version-history":[{"count":1,"href":"https:\/\/www.arlegal.com.pl\/index.php?rest_route=\/wp\/v2\/pages\/82\/revisions"}],"predecessor-version":[{"id":294,"href":"https:\/\/www.arlegal.com.pl\/index.php?rest_route=\/wp\/v2\/pages\/82\/revisions\/294"}],"wp:attachment":[{"href":"https:\/\/www.arlegal.com.pl\/index.php?rest_route=%2Fwp%2Fv2%2Fmedia&parent=82"}],"curies":[{"name":"wp","href":"https:\/\/api.w.org\/{rel}","templated":true}]}}