{"id":76,"date":"2018-07-16T10:30:25","date_gmt":"2018-07-16T10:30:25","guid":{"rendered":"http:\/\/demo.acmethemes.com\/lawyer-zone\/?page_id=76"},"modified":"2019-05-28T13:50:46","modified_gmt":"2019-05-28T13:50:46","slug":"what-services-do-we-provide","status":"publish","type":"page","link":"https:\/\/www.arlegal.com.pl\/?page_id=76","title":{"rendered":"Jakie us\u0142ugi \u015bwiadczymy?"},"content":{"rendered":"<p>AR LEGAL \u015bwiadczy us\u0142ugi skrojone na miar\u0119 potrzeb Klient\u00f3w, rozwi\u0105zujemy problemy prawne szybko i efektywnie wed\u0142ug najlepszego interesu Naszych Klient\u00f3w. Wyr\u00f3\u017cnia nas szybko\u015b\u0107, skuteczno\u015b\u0107, jak r\u00f3wnie\u017c sta\u0142y cennik us\u0142ug.<\/p>\n","protected":false},"excerpt":{"rendered":"<p>AR LEGAL \u015bwiadczy us\u0142ugi skrojone na miar\u0119 potrzeb Klient\u00f3w, rozwi\u0105zujemy problemy prawne szybko i efektywnie wed\u0142ug najlepszego interesu Naszych Klient\u00f3w. Wyr\u00f3\u017cnia nas szybko\u015b\u0107, skuteczno\u015b\u0107, jak r\u00f3wnie\u017c sta\u0142y cennik us\u0142ug.<\/p>\n","protected":false},"author":1,"featured_media":0,"parent":0,"menu_order":0,"comment_status":"closed","ping_status":"closed","template":"","meta":{"footnotes":""},"class_list":["post-76","page","type-page","status-publish","hentry"],"_links":{"self":[{"href":"https:\/\/www.arlegal.com.pl\/index.php?rest_route=\/wp\/v2\/pages\/76","targetHints":{"allow":["GET"]}}],"collection":[{"href":"https:\/\/www.arlegal.com.pl\/index.php?rest_route=\/wp\/v2\/pages"}],"about":[{"href":"https:\/\/www.arlegal.com.pl\/index.php?rest_route=\/wp\/v2\/types\/page"}],"author":[{"embeddable":true,"href":"https:\/\/www.arlegal.com.pl\/index.php?rest_route=\/wp\/v2\/users\/1"}],"replies":[{"embeddable":true,"href":"https:\/\/www.arlegal.com.pl\/index.php?rest_route=%2Fwp%2Fv2%2Fcomments&post=76"}],"version-history":[{"count":1,"href":"https:\/\/www.arlegal.com.pl\/index.php?rest_route=\/wp\/v2\/pages\/76\/revisions"}],"predecessor-version":[{"id":279,"href":"https:\/\/www.arlegal.com.pl\/index.php?rest_route=\/wp\/v2\/pages\/76\/revisions\/279"}],"wp:attachment":[{"href":"https:\/\/www.arlegal.com.pl\/index.php?rest_route=%2Fwp%2Fv2%2Fmedia&parent=76"}],"curies":[{"name":"wp","href":"https:\/\/api.w.org\/{rel}","templated":true}]}}