{"id":38,"date":"2018-07-16T10:10:37","date_gmt":"2018-07-16T10:10:37","guid":{"rendered":"http:\/\/demo.acmethemes.com\/lawyer-zone\/?page_id=38"},"modified":"2019-05-29T18:40:26","modified_gmt":"2019-05-29T18:40:26","slug":"administrative-hearings","status":"publish","type":"page","link":"https:\/\/www.arlegal.com.pl\/?page_id=38","title":{"rendered":"ZAST\u0118PSTWO PRZED S\u0104DAMI I URZ\u0118DAMI"},"content":{"rendered":"<p>Jako profesjonalni prawnicy \u015bwiadczymy us\u0142ugi zast\u0119pstwa prawnego i reprezentacji Klienta przed s\u0105dami powszechnymi, administracyjnymi, S\u0105dem Najwy\u017cszym, Naczelnym S\u0105dem Administracyjnym, oraz wszelkimi instytucjami publicznymi, typu Zak\u0142ad Ubezpiecze\u0144 Spo\u0142ecznych, czy Samorz\u0105dowe Kolegium Odwo\u0142awcze.<\/p>\n<blockquote><p>Us\u0142uga reprezentacji i zast\u0119pstwa \u015bwiadczona jest na podstawie pe\u0142nomocnictwa, zazwyczaj udzielanego w formie pisemnej.<\/p>\n<p>Koszt op\u0142aty skarbowej od udzielonego pe\u0142nomocnictwa wynosi 17 z\u0142otych zgodnie z ustaw\u0105 z dnia 16 listopada 2006 r. o op\u0142acie skarbowej (Dz.U. 2006. 1635).<\/p><\/blockquote>\n<p>Na mocy art. 2 punkt 1 ustawy&nbsp; z dnia 16 listopada 2006 r. o op\u0142acie skarbowej (Dz.U. 2006. 1635) nie pobiera si\u0119 op\u0142aty skarbowej od pe\u0142nomocnictwa w sprawach:<\/p>\n<ul>\n<li>alimentacyjnych, opieki, kurateli i przysposobienia,<\/li>\n<li>ubezpieczenia spo\u0142ecznego, ubezpieczenia zdrowotnego, rent strukturalnych, ulg okre\u015blonych w przepisach szczeg\u00f3lnych dla \u017co\u0142nierzy niezawodowych i os\u00f3b odbywaj\u0105cych s\u0142u\u017cb\u0119 zast\u0119pcz\u0105 oraz ich rodzin, a tak\u017ce uprawnie\u0144 dla os\u00f3b niepe\u0142nosprawnych i os\u00f3b obj\u0119tych przepisami o szczeg\u00f3lnych uprawnieniach dla kombatant\u00f3w,<\/li>\n<li>\u015bwiadcze\u0144 socjalnych oraz w sprawach za\u0142atwianych na podstawie przepis\u00f3w o pomocy spo\u0142ecznej, przepis\u00f3w o wspieraniu rodziny i systemie pieczy zast\u0119pczej, przepis\u00f3w o zatrudnieniu socjalnym oraz przepis\u00f3w o pomocy pa\u0144stwa w wychowywaniu dzieci,<\/li>\n<li>zatrudnienia, wynagrodze\u0144 za prac\u0119,<\/li>\n<li>nauki, szkolnictwa i o\u015bwiaty pozaszkolnej oraz ochrony zdrowia,<\/li>\n<li>za\u0142atwianych na podstawie przepis\u00f3w ustawy z dnia 21 sierpnia 1997 r. o gospodarce nieruchomo\u015bciami (Dz. U. z 2018 r. poz. 121, 50 i 650),<\/li>\n<li>nabycia obywatelstwa polskiego w drodze repatriacji oraz stwierdzenia posiadania obywatelstwa polskiego nabytego w ten spos\u00f3b,<\/li>\n<li>pobytu na terytorium Rzeczypospolitej Polskiej obywateli pa\u0144stw cz\u0142onkowskich Unii Europejskiej, pa\u0144stw cz\u0142onkowskich Europejskiego Porozumienia o Wolnym Handlu (EFTA) \u2013 stron umowy o Europejskim Obszarze Gospodarczym lub Konfederacji Szwajcarskiej, oraz cz\u0142onk\u00f3w ich rodzin, kt\u00f3rzy do nich do\u0142\u0105czaj\u0105 lub z nimi przebywaj\u0105,<\/li>\n<li>udzielenia ochrony mi\u0119dzynarodowej, udzielenia azylu, zgody na pobyt ze wzgl\u0119d\u00f3w humanitarnych, zgody na pobyt tolerowany oraz w sprawach ochrony czasowej,<\/li>\n<li>rekompensat w rozumieniu ustawy z dnia 8 lipca 2005 r. o realizacji prawa do rekompensaty z tytu\u0142u pozostawienia nieruchomo\u015bci poza obecnymi granicami Rzeczypospolitej Polskiej (Dz. U. z 2017 r. poz. 2097).<\/li>\n<\/ul>\n<p>Zawarcie umowy o \u015bwiadczenie us\u0142ugi prawnej poprzedza \u015bwiadczenie us\u0142ugi zast\u0119pstwa i reprezentacji Klienta.<\/p>\n","protected":false},"excerpt":{"rendered":"<p>Jako profesjonalni prawnicy \u015bwiadczymy us\u0142ugi zast\u0119pstwa prawnego i reprezentacji Klienta przed s\u0105dami powszechnymi, administracyjnymi, S\u0105dem Najwy\u017cszym, Naczelnym S\u0105dem Administracyjnym, oraz wszelkimi instytucjami publicznymi, typu Zak\u0142ad Ubezpiecze\u0144 Spo\u0142ecznych, czy Samorz\u0105dowe Kolegium Odwo\u0142awcze. Us\u0142uga reprezentacji i zast\u0119pstwa \u015bwiadczona jest na podstawie pe\u0142nomocnictwa, zazwyczaj udzielanego w formie pisemnej. Koszt op\u0142aty skarbowej od udzielonego pe\u0142nomocnictwa wynosi 17 z\u0142otych zgodnie [&hellip;]<\/p>\n","protected":false},"author":1,"featured_media":0,"parent":0,"menu_order":0,"comment_status":"closed","ping_status":"closed","template":"","meta":{"footnotes":""},"class_list":["post-38","page","type-page","status-publish","hentry"],"_links":{"self":[{"href":"https:\/\/www.arlegal.com.pl\/index.php?rest_route=\/wp\/v2\/pages\/38","targetHints":{"allow":["GET"]}}],"collection":[{"href":"https:\/\/www.arlegal.com.pl\/index.php?rest_route=\/wp\/v2\/pages"}],"about":[{"href":"https:\/\/www.arlegal.com.pl\/index.php?rest_route=\/wp\/v2\/types\/page"}],"author":[{"embeddable":true,"href":"https:\/\/www.arlegal.com.pl\/index.php?rest_route=\/wp\/v2\/users\/1"}],"replies":[{"embeddable":true,"href":"https:\/\/www.arlegal.com.pl\/index.php?rest_route=%2Fwp%2Fv2%2Fcomments&post=38"}],"version-history":[{"count":2,"href":"https:\/\/www.arlegal.com.pl\/index.php?rest_route=\/wp\/v2\/pages\/38\/revisions"}],"predecessor-version":[{"id":309,"href":"https:\/\/www.arlegal.com.pl\/index.php?rest_route=\/wp\/v2\/pages\/38\/revisions\/309"}],"wp:attachment":[{"href":"https:\/\/www.arlegal.com.pl\/index.php?rest_route=%2Fwp%2Fv2%2Fmedia&parent=38"}],"curies":[{"name":"wp","href":"https:\/\/api.w.org\/{rel}","templated":true}]}}