{"id":32,"date":"2018-07-16T10:09:08","date_gmt":"2018-07-16T10:09:08","guid":{"rendered":"http:\/\/demo.acmethemes.com\/lawyer-zone\/?page_id=32"},"modified":"2019-05-29T17:59:53","modified_gmt":"2019-05-29T17:59:53","slug":"quality-representation","status":"publish","type":"page","link":"https:\/\/www.arlegal.com.pl\/?page_id=32","title":{"rendered":"Profesjonalne Doradztwo"},"content":{"rendered":"\n<p>W Kancelarii AR LEGAL pracuj\u0105 tylko wykwalifikowani profesjonali\u015bci, dzi\u0119ki temu Klient zawsze mo\u017ce liczy\u0107 na fachowe doradztwo i pomoc w ka\u017cdej sytuacji. Obecno\u015b\u0107 radcy prawnego, doradcy restrukturyzacyjnego oraz sta\u0142ego mediatora s\u0105dowego pozwala na zapewnienie Klientowi wszechstronnej opieki prawnej.<\/p>\n","protected":false},"excerpt":{"rendered":"<p>Obecno\u015b\u0107 radcy prawnego, doradcy restrukturyzacyjnego oraz sta\u0142ego mediatora s\u0105dowego pozwala na zapewnienie Klientowi wszechstronnej opieki prawnej.<\/p>\n","protected":false},"author":1,"featured_media":0,"parent":0,"menu_order":0,"comment_status":"closed","ping_status":"closed","template":"","meta":{"footnotes":""},"class_list":["post-32","page","type-page","status-publish","hentry"],"_links":{"self":[{"href":"https:\/\/www.arlegal.com.pl\/index.php?rest_route=\/wp\/v2\/pages\/32","targetHints":{"allow":["GET"]}}],"collection":[{"href":"https:\/\/www.arlegal.com.pl\/index.php?rest_route=\/wp\/v2\/pages"}],"about":[{"href":"https:\/\/www.arlegal.com.pl\/index.php?rest_route=\/wp\/v2\/types\/page"}],"author":[{"embeddable":true,"href":"https:\/\/www.arlegal.com.pl\/index.php?rest_route=\/wp\/v2\/users\/1"}],"replies":[{"embeddable":true,"href":"https:\/\/www.arlegal.com.pl\/index.php?rest_route=%2Fwp%2Fv2%2Fcomments&post=32"}],"version-history":[{"count":3,"href":"https:\/\/www.arlegal.com.pl\/index.php?rest_route=\/wp\/v2\/pages\/32\/revisions"}],"predecessor-version":[{"id":300,"href":"https:\/\/www.arlegal.com.pl\/index.php?rest_route=\/wp\/v2\/pages\/32\/revisions\/300"}],"wp:attachment":[{"href":"https:\/\/www.arlegal.com.pl\/index.php?rest_route=%2Fwp%2Fv2%2Fmedia&parent=32"}],"curies":[{"name":"wp","href":"https:\/\/api.w.org\/{rel}","templated":true}]}}