{"id":30,"date":"2018-07-16T10:08:50","date_gmt":"2018-07-16T10:08:50","guid":{"rendered":"http:\/\/demo.acmethemes.com\/lawyer-zone\/?page_id=30"},"modified":"2019-05-29T18:00:56","modified_gmt":"2019-05-29T18:00:56","slug":"fair-fees","status":"publish","type":"page","link":"https:\/\/www.arlegal.com.pl\/?page_id=30","title":{"rendered":"Uczciwe Ceny"},"content":{"rendered":"<p>Kancelaria AR LEGAL stawia sobie za cel upowszechnienia dost\u0119pno\u015bci us\u0142ug prawniczych dla wszystkich, nie tylko najzamo\u017cniejszych.<\/p>\n<p>Wynagrodzenie Kancelarii za \u015bwiadczone us\u0142ugi zawsze jest ustalane przed podj\u0119ciem \u015bwiadczenia us\u0142ugi na rzecz Klienta. Klient zawsze jest \u015bwiadomy ile dok\u0142adnie zap\u0142aci za us\u0142ugi Kancelarii i nigdy nie jest zaskakiwany kosztami.<\/p>\n<p>Kancelaria stosuje dwa rodzaje ustalania cen:<\/p>\n<ul>\n<li>rycza\u0142towe (za sporz\u0105dzenie pisma, np. apelacji, czy sprzeciwu od nakazu zap\u0142aty);<\/li>\n<li>stawka godzinowa wraz z kalkulacj\u0105 roboczogodzin (przy d\u0142u\u017cszej wsp\u00f3\u0142pracy).<\/li>\n<\/ul>\n<p>Dla sta\u0142ych Klient\u00f3w dost\u0119pny jest indywidualny rabat.<\/p>\n<p>Istnieje mo\u017cliwo\u015b\u0107 roz\u0142o\u017cenia p\u0142atno\u015bci wynagrodzenia Kancelarii na korzystne raty.<\/p>\n","protected":false},"excerpt":{"rendered":"<p>Wynagrodzenie Kancelarii za \u015bwiadczone us\u0142ugi zawsze jest ustalane przed podj\u0119ciem \u015bwiadczenia us\u0142ugi na rzecz Klienta. Klient zawsze jest \u015bwiadomy ile dok\u0142adnie zap\u0142aci za us\u0142ugi Kancelarii i nigdy nie jest zaskakiwany kosztami.<\/p>\n","protected":false},"author":1,"featured_media":0,"parent":0,"menu_order":0,"comment_status":"closed","ping_status":"closed","template":"","meta":{"footnotes":""},"class_list":["post-30","page","type-page","status-publish","hentry"],"_links":{"self":[{"href":"https:\/\/www.arlegal.com.pl\/index.php?rest_route=\/wp\/v2\/pages\/30","targetHints":{"allow":["GET"]}}],"collection":[{"href":"https:\/\/www.arlegal.com.pl\/index.php?rest_route=\/wp\/v2\/pages"}],"about":[{"href":"https:\/\/www.arlegal.com.pl\/index.php?rest_route=\/wp\/v2\/types\/page"}],"author":[{"embeddable":true,"href":"https:\/\/www.arlegal.com.pl\/index.php?rest_route=\/wp\/v2\/users\/1"}],"replies":[{"embeddable":true,"href":"https:\/\/www.arlegal.com.pl\/index.php?rest_route=%2Fwp%2Fv2%2Fcomments&post=30"}],"version-history":[{"count":2,"href":"https:\/\/www.arlegal.com.pl\/index.php?rest_route=\/wp\/v2\/pages\/30\/revisions"}],"predecessor-version":[{"id":301,"href":"https:\/\/www.arlegal.com.pl\/index.php?rest_route=\/wp\/v2\/pages\/30\/revisions\/301"}],"wp:attachment":[{"href":"https:\/\/www.arlegal.com.pl\/index.php?rest_route=%2Fwp%2Fv2%2Fmedia&parent=30"}],"curies":[{"name":"wp","href":"https:\/\/api.w.org\/{rel}","templated":true}]}}