{"id":143,"date":"2018-07-16T11:04:50","date_gmt":"2018-07-16T11:04:50","guid":{"rendered":"http:\/\/demo.acmethemes.com\/lawyer-zone\/?page_id=143"},"modified":"2019-08-29T12:34:07","modified_gmt":"2019-08-29T12:34:07","slug":"o-nas","status":"publish","type":"page","link":"https:\/\/www.arlegal.com.pl\/?page_id=143","title":{"rendered":"O Nas"},"content":{"rendered":"<div id=\"pl-143\"  class=\"panel-layout\" ><div id=\"pg-143-0\"  class=\"panel-grid panel-no-style\" ><div id=\"pgc-143-0-0\"  class=\"panel-grid-cell\" ><div id=\"panel-143-0-0-0\" class=\"so-panel widget widget_media_image panel-first-child\" data-index=\"0\" ><img loading=\"lazy\" decoding=\"async\" width=\"1920\" height=\"600\" src=\"https:\/\/www.arlegal.com.pl\/wp-content\/uploads\/2018\/07\/lawyer_theme_innerpage.jpg\" class=\"image wp-image-147  attachment-full size-full\" alt=\"\" style=\"max-width: 100%; height: auto;\" srcset=\"https:\/\/www.arlegal.com.pl\/wp-content\/uploads\/2018\/07\/lawyer_theme_innerpage.jpg 1920w, https:\/\/www.arlegal.com.pl\/wp-content\/uploads\/2018\/07\/lawyer_theme_innerpage-300x94.jpg 300w, https:\/\/www.arlegal.com.pl\/wp-content\/uploads\/2018\/07\/lawyer_theme_innerpage-768x240.jpg 768w, https:\/\/www.arlegal.com.pl\/wp-content\/uploads\/2018\/07\/lawyer_theme_innerpage-1024x320.jpg 1024w\" sizes=\"auto, (max-width: 1920px) 100vw, 1920px\" \/><\/div><div id=\"panel-143-0-0-1\" class=\"so-panel widget widget_lawyer_zone_accordion\" data-index=\"1\" >            <section id=\"lawyer_zone_accordion-1\" class=\"at-widgets acme-accordions \">\r\n                <div class=\"container\">\r\n\t              <div class='at-widget-title-wrapper'><h3 class=\"widget-title\">Frequently Asked Question<\/h3><\/div>                    <div class=\"row\">\r\n                                                            <div class=\"col-sm-6  init-animate zoomIn\">\r\n                                        <div class=\"contact-page-content\">\r\n\t\t\t\t\t                        <h3 class=\"entry-title\">Cz\u0119sto Zadawane Pytania<\/h3><p><img loading=\"lazy\" decoding=\"async\" class=\"alignnone wp-image-87 size-full\" src=\"https:\/\/www.arlegal.com.pl\/wp-content\/uploads\/2018\/07\/women.png\" alt=\"\" width=\"400\" height=\"500\" srcset=\"https:\/\/www.arlegal.com.pl\/wp-content\/uploads\/2018\/07\/women.png 400w, https:\/\/www.arlegal.com.pl\/wp-content\/uploads\/2018\/07\/women-240x300.png 240w\" sizes=\"auto, (max-width: 400px) 100vw, 400px\" \/><\/p>\n                                        <\/div>\r\n                                    <\/div>\r\n\t\t                                                <div class=\"col-sm-6\">\r\n                            <div class=\"accordion-content\">\r\n\t                                                                        <div class=\"accordion-item init-animate zoomIn\">\r\n\t\t\t\t\t                            <h3 class=\"accordion-title\"><a href=\"https:\/\/www.arlegal.com.pl\/?page_id=80\" rel=\"bookmark\"><i class=\"accordion-icon fa fa-minus\"><\/i>Korzy\u015bci z profesjonalnej porady prawnej<\/a><\/h3>                                                    <div class=\"accordion-details\">\r\n                                                        <p>Zasi\u0119gaj\u0105c porady prawnej u profesjonalisty mo\u017cesz by\u0107 pewien, \u017ce uzyskasz: pe\u0142ne om\u00f3wienie Twojej sytuacji prawnej i wyczerpuj\u0105c\u0105 odpowied\u017a na Tw\u00f3j problem prawny; porad\u0119 zawsze zgodn\u0105 z obowi\u0105zuj\u0105cym prawem; pe\u0142n\u0105 pomoc r\u00f3wnie\u017c po wykonaniu zlecenia; bezp\u0142atn\u0105 wst\u0119pn\u0105 konsultacj\u0119 w celu zidentyfikowaniu problemu prawnego.<\/p>\n                                                    <\/div>\r\n\t\t                                                                                        <\/div>\r\n\t\t\t\t                                                                        <div class=\"accordion-item init-animate zoomIn\">\r\n\t\t\t\t\t                            <h3 class=\"accordion-title\"><a href=\"https:\/\/www.arlegal.com.pl\/?page_id=76\" rel=\"bookmark\"><i class=\"accordion-icon fa fa-plus\"><\/i>Jakie us\u0142ugi \u015bwiadczymy?<\/a><\/h3>                                                    <div class=\"accordion-details\">\r\n                                                        <p>AR LEGAL \u015bwiadczy us\u0142ugi skrojone na miar\u0119 potrzeb Klient\u00f3w, rozwi\u0105zujemy problemy prawne szybko i efektywnie wed\u0142ug najlepszego interesu Naszych Klient\u00f3w. Wyr\u00f3\u017cnia nas szybko\u015b\u0107, skuteczno\u015b\u0107, jak r\u00f3wnie\u017c sta\u0142y cennik us\u0142ug.<\/p>\n                                                    <\/div>\r\n\t\t                                                                                        <\/div>\r\n\t\t\t\t                                                                        <div class=\"accordion-item init-animate zoomIn\">\r\n\t\t\t\t\t                            <h3 class=\"accordion-title\"><a href=\"https:\/\/www.arlegal.com.pl\/?page_id=82\" rel=\"bookmark\"><i class=\"accordion-icon fa fa-plus\"><\/i>Jacy Klienci korzystaj\u0105 z us\u0142ug Kancelarii?<\/a><\/h3>                                                    <div class=\"accordion-details\">\r\n                                                        <p>Kancelaria \u015bwiadczy us\u0142ugi skierowane zar\u00f3wno wobec os\u00f3b fizycznych i konsument\u00f3w (w takich sprawach jak rozwody, alimenty, upad\u0142o\u015bci konsumenckie), jak i do przedsi\u0119biorc\u00f3w prowadz\u0105cych dzia\u0142alno\u015b\u0107 gospodarcz\u0105.<\/p>\n                                                    <\/div>\r\n\t\t                                                                                        <\/div>\r\n\t\t\t\t                                                                        <div class=\"accordion-item init-animate zoomIn\">\r\n\t\t\t\t\t                            <h3 class=\"accordion-title\"><a href=\"https:\/\/www.arlegal.com.pl\/?page_id=78\" rel=\"bookmark\"><i class=\"accordion-icon fa fa-plus\"><\/i>Jacy prawnicy pracuj\u0105 w AR LEGAL?<\/a><\/h3>                                                    <div class=\"accordion-details\">\r\n                                                        <p>Nasi prawnicy to do\u015bwiadczeni profesjonali\u015bci, radcowie prawni i aplikanci radcowscy posiadaj\u0105cy uprawnienia do s\u0105dowego zast\u0119pstwa, doradcy restrukturyzacyjni oraz mediatorzy s\u0105dowi.<\/p>\n                                                    <\/div>\r\n\t\t                                                                                        <\/div>\r\n\t\t\t\t                                                        <\/div>\r\n                        <\/div>\r\n                    <\/div>\r\n                <\/div>\r\n            <\/section>\r\n            <\/div><div id=\"panel-143-0-0-2\" class=\"so-panel widget widget_lawyer_zone_team panel-last-child\" data-index=\"2\" >            <section id=\"lawyer_zone_team-1\" class=\"at-widgets acme-teams at-gray-bg\">\r\n                <div class=\"container\">\r\n\t               <div class='at-widget-title-wrapper'><h3 class=\"widget-title\">Attorneys<\/h3><\/div>                    <div class=\"row featured-entries-col featured-entries-logo \">\r\n                                                            <div class=\"single-list col-sm-3 col-md-3\">\r\n                                        <div class=\"team-item init-animate zoomIn\">\r\n                                            <div class=\"team-author\">\r\n                                                <div class=\"team-img-box\">\r\n                                                    <a href=\"https:\/\/www.arlegal.com.pl\/?page_id=53\" class=\"all-link\"><img loading=\"lazy\" decoding=\"async\" width=\"300\" height=\"186\" src=\"https:\/\/www.arlegal.com.pl\/wp-content\/uploads\/2019\/05\/LOGO-ar-website-1.png\" class=\"attachment-full size-full wp-post-image\" alt=\"\" \/><\/a>                                                <\/div>\r\n                                                <div class=\"team-author-details \">\r\n                                                    <h3 class=\"team-name\">\r\n\t\t                                                <a href=\"https:\/\/www.arlegal.com.pl\/?page_id=53\" class=\"all-link\">Agata Raszka<\/a>                                                    <\/h3>\r\n                                                                                                            <div class=\"team-details\">\r\n\t\t                                                    <p>Radca Prawny i Doradca Restrukturyzacyjny<\/p>\n                                                        <\/div>\r\n\t                                                                                                    <\/div>\r\n                                            <\/div>\r\n                                        <\/div>\r\n                                    <\/div>\r\n                                                        <\/div><!--row-->\r\n                <\/div>\r\n            <\/section>\r\n            <\/div><\/div><\/div><\/div>","protected":false},"excerpt":{"rendered":"","protected":false},"author":1,"featured_media":0,"parent":0,"menu_order":0,"comment_status":"closed","ping_status":"closed","template":"page-templates\/template-builder.php","meta":{"footnotes":""},"class_list":["post-143","page","type-page","status-publish","hentry"],"_links":{"self":[{"href":"https:\/\/www.arlegal.com.pl\/index.php?rest_route=\/wp\/v2\/pages\/143","targetHints":{"allow":["GET"]}}],"collection":[{"href":"https:\/\/www.arlegal.com.pl\/index.php?rest_route=\/wp\/v2\/pages"}],"about":[{"href":"https:\/\/www.arlegal.com.pl\/index.php?rest_route=\/wp\/v2\/types\/page"}],"author":[{"embeddable":true,"href":"https:\/\/www.arlegal.com.pl\/index.php?rest_route=\/wp\/v2\/users\/1"}],"replies":[{"embeddable":true,"href":"https:\/\/www.arlegal.com.pl\/index.php?rest_route=%2Fwp%2Fv2%2Fcomments&post=143"}],"version-history":[{"count":3,"href":"https:\/\/www.arlegal.com.pl\/index.php?rest_route=\/wp\/v2\/pages\/143\/revisions"}],"predecessor-version":[{"id":340,"href":"https:\/\/www.arlegal.com.pl\/index.php?rest_route=\/wp\/v2\/pages\/143\/revisions\/340"}],"wp:attachment":[{"href":"https:\/\/www.arlegal.com.pl\/index.php?rest_route=%2Fwp%2Fv2%2Fmedia&parent=143"}],"curies":[{"name":"wp","href":"https:\/\/api.w.org\/{rel}","templated":true}]}}