{"id":128,"date":"2018-07-16T10:58:07","date_gmt":"2018-07-16T10:58:07","guid":{"rendered":"http:\/\/demo.acmethemes.com\/lawyer-zone\/?page_id=128"},"modified":"2019-05-29T18:47:11","modified_gmt":"2019-05-29T18:47:11","slug":"dispute-resolution","status":"publish","type":"page","link":"https:\/\/www.arlegal.com.pl\/?page_id=128","title":{"rendered":"Upad\u0142o\u015b\u0107 Konsumencka"},"content":{"rendered":"<p>Najnowsze zmiany w upad\u0142o\u015bci konsumenckiej rozszerzy\u0142y kr\u0105g os\u00f3b uprawnionych do z\u0142o\u017cenia wniosku o og\u0142oszenie upad\u0142o\u015bci. Od 01 stycznia 2018 r. upad\u0142o\u015b\u0107 jest dost\u0119pna dla os\u00f3b, kt\u00f3re znalaz\u0142y si\u0119 w k\u0142opotach finansowych na skutek swoich pochopnych dzia\u0142a\u0144. Jest to rozwi\u0105zanie na kszta\u0142t brytyjskiej upad\u0142o\u015bci, dost\u0119pne dla os\u00f3b zamieszkuj\u0105cych w Polsce.<\/p>\n","protected":false},"excerpt":{"rendered":"<p>Najnowsze zmiany w upad\u0142o\u015bci konsumenckiej rozszerzy\u0142y kr\u0105g os\u00f3b uprawnionych do z\u0142o\u017cenia wniosku o og\u0142oszenie upad\u0142o\u015bci. Od 01 stycznia 2018 r. upad\u0142o\u015b\u0107 jest dost\u0119pna dla os\u00f3b, kt\u00f3re znalaz\u0142y si\u0119 w k\u0142opotach finansowych na skutek swoich pochopnych dzia\u0142a\u0144. Jest to rozwi\u0105zanie na kszta\u0142t brytyjskiej upad\u0142o\u015bci, dost\u0119pne dla os\u00f3b zamieszkuj\u0105cych w Polsce.<\/p>\n","protected":false},"author":1,"featured_media":283,"parent":0,"menu_order":0,"comment_status":"closed","ping_status":"closed","template":"","meta":{"footnotes":""},"class_list":["post-128","page","type-page","status-publish","has-post-thumbnail","hentry"],"_links":{"self":[{"href":"https:\/\/www.arlegal.com.pl\/index.php?rest_route=\/wp\/v2\/pages\/128","targetHints":{"allow":["GET"]}}],"collection":[{"href":"https:\/\/www.arlegal.com.pl\/index.php?rest_route=\/wp\/v2\/pages"}],"about":[{"href":"https:\/\/www.arlegal.com.pl\/index.php?rest_route=\/wp\/v2\/types\/page"}],"author":[{"embeddable":true,"href":"https:\/\/www.arlegal.com.pl\/index.php?rest_route=\/wp\/v2\/users\/1"}],"replies":[{"embeddable":true,"href":"https:\/\/www.arlegal.com.pl\/index.php?rest_route=%2Fwp%2Fv2%2Fcomments&post=128"}],"version-history":[{"count":1,"href":"https:\/\/www.arlegal.com.pl\/index.php?rest_route=\/wp\/v2\/pages\/128\/revisions"}],"predecessor-version":[{"id":255,"href":"https:\/\/www.arlegal.com.pl\/index.php?rest_route=\/wp\/v2\/pages\/128\/revisions\/255"}],"wp:featuredmedia":[{"embeddable":true,"href":"https:\/\/www.arlegal.com.pl\/index.php?rest_route=\/wp\/v2\/media\/283"}],"wp:attachment":[{"href":"https:\/\/www.arlegal.com.pl\/index.php?rest_route=%2Fwp%2Fv2%2Fmedia&parent=128"}],"curies":[{"name":"wp","href":"https:\/\/api.w.org\/{rel}","templated":true}]}}