{"id":125,"date":"2018-07-16T10:57:32","date_gmt":"2018-07-16T10:57:32","guid":{"rendered":"http:\/\/demo.acmethemes.com\/lawyer-zone\/?page_id=125"},"modified":"2019-05-29T18:47:59","modified_gmt":"2019-05-29T18:47:59","slug":"bank-finance","status":"publish","type":"page","link":"https:\/\/www.arlegal.com.pl\/?page_id=125","title":{"rendered":"AUDYTY SP\u00d3\u0141EK"},"content":{"rendered":"<p>Kancelaria wykonuje audyty prawne sp\u00f3\u0142ek na potrzeby przedtransakcyjne Klienta, jak i w zwi\u0105zku z restrukturyzacj\u0105 sp\u00f3\u0142ki.<\/p>\n<p>Audyt prawny przeprowadzany przez Kancelari\u0119 charakteryzuje si\u0119 tym, \u017ce jest:<\/p>\n<ul>\n<li>szybki;<\/li>\n<li>profesjonalny;<\/li>\n<li>sporz\u0105dzany przy zminimalizowanej dolegliwo\u015bci dla Klienta;<\/li>\n<li>dostarczany jest zar\u00f3wno w formie papierowej, jak i elektronicznej.<\/li>\n<\/ul>\n","protected":false},"excerpt":{"rendered":"<p>Kancelaria wykonuje audyty prawne sp\u00f3\u0142ek na potrzeby przedtransakcyjne Klienta, jak i w zwi\u0105zku z restrukturyzacj\u0105 sp\u00f3\u0142ki. Audyt prawny przeprowadzany przez Kancelari\u0119 charakteryzuje si\u0119 tym, \u017ce jest: szybki; profesjonalny; sporz\u0105dzany przy zminimalizowanej dolegliwo\u015bci dla Klienta; dostarczany jest zar\u00f3wno w formie papierowej, jak i elektronicznej.<\/p>\n","protected":false},"author":1,"featured_media":284,"parent":0,"menu_order":0,"comment_status":"closed","ping_status":"closed","template":"","meta":{"footnotes":""},"class_list":["post-125","page","type-page","status-publish","has-post-thumbnail","hentry"],"_links":{"self":[{"href":"https:\/\/www.arlegal.com.pl\/index.php?rest_route=\/wp\/v2\/pages\/125","targetHints":{"allow":["GET"]}}],"collection":[{"href":"https:\/\/www.arlegal.com.pl\/index.php?rest_route=\/wp\/v2\/pages"}],"about":[{"href":"https:\/\/www.arlegal.com.pl\/index.php?rest_route=\/wp\/v2\/types\/page"}],"author":[{"embeddable":true,"href":"https:\/\/www.arlegal.com.pl\/index.php?rest_route=\/wp\/v2\/users\/1"}],"replies":[{"embeddable":true,"href":"https:\/\/www.arlegal.com.pl\/index.php?rest_route=%2Fwp%2Fv2%2Fcomments&post=125"}],"version-history":[{"count":1,"href":"https:\/\/www.arlegal.com.pl\/index.php?rest_route=\/wp\/v2\/pages\/125\/revisions"}],"predecessor-version":[{"id":251,"href":"https:\/\/www.arlegal.com.pl\/index.php?rest_route=\/wp\/v2\/pages\/125\/revisions\/251"}],"wp:featuredmedia":[{"embeddable":true,"href":"https:\/\/www.arlegal.com.pl\/index.php?rest_route=\/wp\/v2\/media\/284"}],"wp:attachment":[{"href":"https:\/\/www.arlegal.com.pl\/index.php?rest_route=%2Fwp%2Fv2%2Fmedia&parent=125"}],"curies":[{"name":"wp","href":"https:\/\/api.w.org\/{rel}","templated":true}]}}