{"id":117,"date":"2018-07-16T10:54:51","date_gmt":"2018-07-16T10:54:51","guid":{"rendered":"http:\/\/demo.acmethemes.com\/lawyer-zone\/?page_id=117"},"modified":"2019-05-29T18:46:16","modified_gmt":"2019-05-29T18:46:16","slug":"weapons-law","status":"publish","type":"page","link":"https:\/\/www.arlegal.com.pl\/?page_id=117","title":{"rendered":"Prawo Restrukturyzacyjne"},"content":{"rendered":"<p>Nowe Prawo Restrukturyzacyjne od lipca 2015 r. pozwala przedsi\u0119biorcom na wyj\u015bcie z problem\u00f3w z wierzycielami i unikni\u0119cie upad\u0142o\u015bci. Dost\u0119pne s\u0105 tryby s\u0105dowe, jak i pozas\u0105dowe. Doradzamy, kt\u00f3re z rozwi\u0105za\u0144 wybra\u0107 i opiekujemy si\u0119 Przedsi\u0119biorc\u0105 w toku ca\u0142ego procesu restrukturyzacyjnego. U\u0142atwiamy kontakty z wierzycielami i bankami.<\/p>\n","protected":false},"excerpt":{"rendered":"<p>Nowe Prawo Restrukturyzacyjne od lipca 2015 r. pozwala przedsi\u0119biorcom na wyj\u015bcie z problem\u00f3w z wierzycielami i unikni\u0119cie upad\u0142o\u015bci. Dost\u0119pne s\u0105 tryby s\u0105dowe, jak i pozas\u0105dowe. Doradzamy, kt\u00f3re z rozwi\u0105za\u0144 wybra\u0107 i opiekujemy si\u0119 Przedsi\u0119biorc\u0105 w toku ca\u0142ego procesu restrukturyzacyjnego. U\u0142atwiamy kontakty z wierzycielami i bankami.<\/p>\n","protected":false},"author":1,"featured_media":285,"parent":0,"menu_order":0,"comment_status":"closed","ping_status":"closed","template":"","meta":{"footnotes":""},"class_list":["post-117","page","type-page","status-publish","has-post-thumbnail","hentry"],"_links":{"self":[{"href":"https:\/\/www.arlegal.com.pl\/index.php?rest_route=\/wp\/v2\/pages\/117","targetHints":{"allow":["GET"]}}],"collection":[{"href":"https:\/\/www.arlegal.com.pl\/index.php?rest_route=\/wp\/v2\/pages"}],"about":[{"href":"https:\/\/www.arlegal.com.pl\/index.php?rest_route=\/wp\/v2\/types\/page"}],"author":[{"embeddable":true,"href":"https:\/\/www.arlegal.com.pl\/index.php?rest_route=\/wp\/v2\/users\/1"}],"replies":[{"embeddable":true,"href":"https:\/\/www.arlegal.com.pl\/index.php?rest_route=%2Fwp%2Fv2%2Fcomments&post=117"}],"version-history":[{"count":1,"href":"https:\/\/www.arlegal.com.pl\/index.php?rest_route=\/wp\/v2\/pages\/117\/revisions"}],"predecessor-version":[{"id":278,"href":"https:\/\/www.arlegal.com.pl\/index.php?rest_route=\/wp\/v2\/pages\/117\/revisions\/278"}],"wp:featuredmedia":[{"embeddable":true,"href":"https:\/\/www.arlegal.com.pl\/index.php?rest_route=\/wp\/v2\/media\/285"}],"wp:attachment":[{"href":"https:\/\/www.arlegal.com.pl\/index.php?rest_route=%2Fwp%2Fv2%2Fmedia&parent=117"}],"curies":[{"name":"wp","href":"https:\/\/api.w.org\/{rel}","templated":true}]}}